{"id":55,"date":"2023-08-18T03:12:21","date_gmt":"2023-08-18T03:12:21","guid":{"rendered":"https:\/\/carnessanagustin.com\/?post_type=product&#038;p=55"},"modified":"2026-01-19T16:27:06","modified_gmt":"2026-01-19T16:27:06","slug":"carne-seca","status":"publish","type":"product","link":"https:\/\/carnessanagustin.com\/index.php\/product\/carne-seca\/","title":{"rendered":"Carne Seca"},"content":{"rendered":"<p>Despierta tu paladar con el sabor aut\u00e9ntico y exclusivo de Carne San Agust\u00edn. Nuestra carne seca sabor cl\u00e1sico est\u00e1 meticulosamente preparada con un adobo especial que fusiona notas de lim\u00f3n, sal de mar y una selecci\u00f3n de chiles secos, creando una explosi\u00f3n de sabor sin picante pero cargada de personalidad.<\/p>\n","protected":false},"excerpt":{"rendered":"<p>Despierta tu paladar con el sabor aut\u00e9ntico y exclusivo de Carne San Agust\u00edn. Nuestra carne seca sabor cl\u00e1sico est\u00e1 meticulosamente preparada con un adobo especial que fusiona notas de lim\u00f3n, sal de mar y una selecci\u00f3n de chiles secos, creando una explosi\u00f3n de sabor sin picante pero cargada de personalidad.<\/p>\n","protected":false},"featured_media":1952,"template":"","meta":[],"product_brand":[],"product_cat":[15],"product_tag":[],"class_list":{"0":"post-55","1":"product","2":"type-product","3":"status-publish","4":"has-post-thumbnail","6":"product_cat-uncategorized","8":"first","9":"instock","10":"shipping-taxable","11":"purchasable","12":"product-type-variable"},"_links":{"self":[{"href":"https:\/\/carnessanagustin.com\/index.php\/wp-json\/wp\/v2\/product\/55","targetHints":{"allow":["GET"]}}],"collection":[{"href":"https:\/\/carnessanagustin.com\/index.php\/wp-json\/wp\/v2\/product"}],"about":[{"href":"https:\/\/carnessanagustin.com\/index.php\/wp-json\/wp\/v2\/types\/product"}],"version-history":[{"count":2,"href":"https:\/\/carnessanagustin.com\/index.php\/wp-json\/wp\/v2\/product\/55\/revisions"}],"predecessor-version":[{"id":1857,"href":"https:\/\/carnessanagustin.com\/index.php\/wp-json\/wp\/v2\/product\/55\/revisions\/1857"}],"wp:featuredmedia":[{"embeddable":true,"href":"https:\/\/carnessanagustin.com\/index.php\/wp-json\/wp\/v2\/media\/1952"}],"wp:attachment":[{"href":"https:\/\/carnessanagustin.com\/index.php\/wp-json\/wp\/v2\/media?parent=55"}],"wp:term":[{"taxonomy":"product_brand","embeddable":true,"href":"https:\/\/carnessanagustin.com\/index.php\/wp-json\/wp\/v2\/product_brand?post=55"},{"taxonomy":"product_cat","embeddable":true,"href":"https:\/\/carnessanagustin.com\/index.php\/wp-json\/wp\/v2\/product_cat?post=55"},{"taxonomy":"product_tag","embeddable":true,"href":"https:\/\/carnessanagustin.com\/index.php\/wp-json\/wp\/v2\/product_tag?post=55"}],"curies":[{"name":"wp","href":"https:\/\/api.w.org\/{rel}","templated":true}]}}